{"id":809,"date":"2015-09-14T20:25:23","date_gmt":"2015-09-14T18:25:23","guid":{"rendered":"http:\/\/pfadiwangen.ch\/wordpress\/?page_id=809"},"modified":"2026-02-27T16:04:19","modified_gmt":"2026-02-27T15:04:19","slug":"programm","status":"publish","type":"page","link":"https:\/\/pfadiwangen.ch\/wordpress\/pfadi\/programm\/","title":{"rendered":"Programm"},"content":{"rendered":"<h2>Quartalsprogramme<\/h2>\n<div class=\"panel callout\">\n<p>Liebe Biber, W\u00f6lfe, Pfadis, Pios und Eltern<\/p>\n<\/div>\n<div class=\"panel callout\">\n<p>Bitte entnehmt unten entsprechend eurer Stufe das Quartals\/Jahresprogramm.\u00a0<\/p>\n<\/div>\n<p class=\"lead\"><strong>Biberstufe<\/strong><\/p>\n<div class=\"panel\">\n<p class=\"lead\"><a href=\"https:\/\/pfadiwangen.ch\/wordpress\/wp-content\/uploads\/2026\/02\/Biber-Halb-Jahresprogramm-2026-Februar-Juli.pdf\">Halbjahresprogramm Biber 2026<\/a><\/p>\n<\/div>\n<p class=\"lead\"><strong>Wolfstufe<\/strong><\/p>\n<div class=\"panel\">\n<p><a href=\"https:\/\/pfadiwangen.ch\/wordpress\/wp-content\/uploads\/2026\/02\/QP_Woelfe_Winter-Fruehling_2026.pdf\">QP W\u00f6lfe Fr\u00fchling 2026<\/a><\/p>\n<\/div>\n<p class=\"lead\"><strong>Pfadistufe<\/strong><\/p>\n<div class=\"panel\">\n<p><a href=\"https:\/\/pfadiwangen.ch\/wordpress\/wp-content\/uploads\/2026\/02\/Pfadistufe_Fruehlings_QP_2026.pdf\">QP Pfadi Fr\u00fchling 2026<\/a><\/p>\n<\/div>\n<h2>Jahresprogramm 2025\/2026<\/h2>\n<div class=\"panel\">\n<p><a href=\"https:\/\/pfadiwangen.ch\/wordpress\/wp-content\/uploads\/2025\/09\/Jahresprogramm-2025-26-Version-13.08.25.pdf\">Jahresprogramm 2025\/2026<\/a><\/p>\n<\/div>\n\n\n<p><\/p>\n","protected":false},"excerpt":{"rendered":"<p>Quartalsprogramme Liebe Biber, W\u00f6lfe, Pfadis, Pios und Eltern Bitte entnehmt unten entsprechend eurer Stufe das Quartals\/Jahresprogramm.\u00a0 Biberstufe Halbjahresprogramm Biber 2026 Wolfstufe QP W\u00f6lfe Fr\u00fchling 2026 Pfadistufe QP Pfadi Fr\u00fchling 2026 Jahresprogramm 2025\/2026 Jahresprogramm 2025\/2026<\/p>\n","protected":false},"author":3,"featured_media":0,"parent":4,"menu_order":1,"comment_status":"closed","ping_status":"closed","template":"","meta":{"footnotes":""},"class_list":["post-809","page","type-page","status-publish","hentry","post"],"_links":{"self":[{"href":"https:\/\/pfadiwangen.ch\/wordpress\/wp-json\/wp\/v2\/pages\/809","targetHints":{"allow":["GET"]}}],"collection":[{"href":"https:\/\/pfadiwangen.ch\/wordpress\/wp-json\/wp\/v2\/pages"}],"about":[{"href":"https:\/\/pfadiwangen.ch\/wordpress\/wp-json\/wp\/v2\/types\/page"}],"author":[{"embeddable":true,"href":"https:\/\/pfadiwangen.ch\/wordpress\/wp-json\/wp\/v2\/users\/3"}],"replies":[{"embeddable":true,"href":"https:\/\/pfadiwangen.ch\/wordpress\/wp-json\/wp\/v2\/comments?post=809"}],"version-history":[{"count":118,"href":"https:\/\/pfadiwangen.ch\/wordpress\/wp-json\/wp\/v2\/pages\/809\/revisions"}],"predecessor-version":[{"id":3149,"href":"https:\/\/pfadiwangen.ch\/wordpress\/wp-json\/wp\/v2\/pages\/809\/revisions\/3149"}],"up":[{"embeddable":true,"href":"https:\/\/pfadiwangen.ch\/wordpress\/wp-json\/wp\/v2\/pages\/4"}],"wp:attachment":[{"href":"https:\/\/pfadiwangen.ch\/wordpress\/wp-json\/wp\/v2\/media?parent=809"}],"curies":[{"name":"wp","href":"https:\/\/api.w.org\/{rel}","templated":true}]}}