{"id":54,"date":"2013-12-05T22:54:37","date_gmt":"2013-12-05T21:54:37","guid":{"rendered":"http:\/\/pfadiwangen.ch\/wordpress\/?page_id=54"},"modified":"2025-10-07T08:57:13","modified_gmt":"2025-10-07T06:57:13","slug":"1-stufe-woelfe","status":"publish","type":"page","link":"https:\/\/pfadiwangen.ch\/wordpress\/was-ist-pfadi\/1-stufe-woelfe\/","title":{"rendered":"Wolfsstufe"},"content":{"rendered":"<p><b>Die Wolfsstufe bietet spannendes Programm f\u00fcr Kinder vom Alter von 6 &#8211; 10 Jahren. Wir treffen uns w\u00f6chentlich in den Schulwochen und erleben zusammen spannende Abenteuer.\u00a0<\/b><\/p>\n<p>W<a href=\"https:\/\/pfadiwangen.ch\/wordpress\/wp-content\/uploads\/2013\/12\/W\u00f6lfe.png\"><img loading=\"lazy\" decoding=\"async\" class=\"wp-image-1158 size-medium alignleft\" src=\"https:\/\/pfadiwangen.ch\/wordpress\/wp-content\/uploads\/2013\/12\/W\u00f6lfe-e1517519004901-277x300.png\" alt=\"woelfe\" width=\"277\" height=\"300\" srcset=\"https:\/\/pfadiwangen.ch\/wordpress\/wp-content\/uploads\/2013\/12\/W\u00f6lfe-e1517519004901-277x300.png 277w, https:\/\/pfadiwangen.ch\/wordpress\/wp-content\/uploads\/2013\/12\/W\u00f6lfe-e1517519004901.png 304w\" sizes=\"auto, (max-width: 277px) 100vw, 277px\" \/><\/a>ir treffen Ritter, Indianer, Piraten, Aliens und viele weiter nette, lustige oder gef\u00e4hrliche Gestalten, denen wir helfen einen B\u00f6sewicht zu besiegen oder ein lang ersehntes R\u00e4tsel zu l\u00f6sen.<\/p>\n<p>Zusammen mit den Pfadis gehen wir ins PfiLa\/UfLa und SoLa. Manchmal gibt es auch ein Weekend! Das ist immer die tollste Zeit.\u00a0<\/p>\n<p><strong>Bist du neugierig geworden und m\u00f6chtest mit uns spannende Abenteuer erleben?<br \/><\/strong>Dann melde dich doch bei der Wolfstufenleiterin<a href=\"https:\/\/pfadiwangen.ch\/wordpress\/kontakt\/\"> (Die Nummern sind unter Kontakt zu finden) <\/a>oder besuche uns an einer Aktiviti\u00e4t.<\/p>\n<p>Wir freuen uns auf dich!<\/p>\n\n\n<figure class=\"wp-block-image size-large is-resized\"><a href=\"https:\/\/pfadiwangen.ch\/wordpress\/wp-content\/uploads\/2025\/10\/PHOTO-2025-05-24-18-21-14-e1759818038428.jpg\"><img loading=\"lazy\" decoding=\"async\" width=\"1593\" height=\"896\" src=\"https:\/\/pfadiwangen.ch\/wordpress\/wp-content\/uploads\/2025\/10\/PHOTO-2025-05-24-18-21-14-e1759818038428-edited.jpg\" alt=\"\" class=\"wp-image-3119\" style=\"width:693px;height:auto\" srcset=\"https:\/\/pfadiwangen.ch\/wordpress\/wp-content\/uploads\/2025\/10\/PHOTO-2025-05-24-18-21-14-e1759818038428-edited.jpg 1593w, https:\/\/pfadiwangen.ch\/wordpress\/wp-content\/uploads\/2025\/10\/PHOTO-2025-05-24-18-21-14-e1759818038428-edited-300x169.jpg 300w, https:\/\/pfadiwangen.ch\/wordpress\/wp-content\/uploads\/2025\/10\/PHOTO-2025-05-24-18-21-14-e1759818038428-edited-1024x576.jpg 1024w, https:\/\/pfadiwangen.ch\/wordpress\/wp-content\/uploads\/2025\/10\/PHOTO-2025-05-24-18-21-14-e1759818038428-edited-768x432.jpg 768w, https:\/\/pfadiwangen.ch\/wordpress\/wp-content\/uploads\/2025\/10\/PHOTO-2025-05-24-18-21-14-e1759818038428-edited-1536x864.jpg 1536w\" sizes=\"auto, (max-width: 1593px) 100vw, 1593px\" \/><\/a><\/figure>\n\n\n\n<p>Sonic, Runa, Forte &amp; Liska<\/p>\n\n\n\n<figure class=\"wp-block-gallery has-nested-images columns-default is-cropped wp-block-gallery-1 is-layout-flex wp-block-gallery-is-layout-flex\">\n<figure class=\"wp-block-image size-large\"><a href=\"https:\/\/pfadiwangen.ch\/wordpress\/wp-content\/uploads\/2025\/10\/PHOTO-2024-11-23-17-04-39.jpg\"><img loading=\"lazy\" decoding=\"async\" width=\"768\" height=\"1024\" data-id=\"3127\" src=\"https:\/\/pfadiwangen.ch\/wordpress\/wp-content\/uploads\/2025\/10\/PHOTO-2024-11-23-17-04-39-768x1024.jpg\" alt=\"\" class=\"wp-image-3127\" srcset=\"https:\/\/pfadiwangen.ch\/wordpress\/wp-content\/uploads\/2025\/10\/PHOTO-2024-11-23-17-04-39-768x1024.jpg 768w, https:\/\/pfadiwangen.ch\/wordpress\/wp-content\/uploads\/2025\/10\/PHOTO-2024-11-23-17-04-39-225x300.jpg 225w, https:\/\/pfadiwangen.ch\/wordpress\/wp-content\/uploads\/2025\/10\/PHOTO-2024-11-23-17-04-39-1152x1536.jpg 1152w, https:\/\/pfadiwangen.ch\/wordpress\/wp-content\/uploads\/2025\/10\/PHOTO-2024-11-23-17-04-39.jpg 1536w\" sizes=\"auto, (max-width: 768px) 100vw, 768px\" \/><\/a><\/figure>\n\n\n\n<figure class=\"wp-block-image size-large\"><a href=\"https:\/\/pfadiwangen.ch\/wordpress\/wp-content\/uploads\/2025\/10\/PHOTO-2024-11-16-16-42-02.jpg\"><img loading=\"lazy\" decoding=\"async\" width=\"768\" height=\"1024\" data-id=\"3126\" src=\"https:\/\/pfadiwangen.ch\/wordpress\/wp-content\/uploads\/2025\/10\/PHOTO-2024-11-16-16-42-02-768x1024.jpg\" alt=\"\" class=\"wp-image-3126\" srcset=\"https:\/\/pfadiwangen.ch\/wordpress\/wp-content\/uploads\/2025\/10\/PHOTO-2024-11-16-16-42-02-768x1024.jpg 768w, https:\/\/pfadiwangen.ch\/wordpress\/wp-content\/uploads\/2025\/10\/PHOTO-2024-11-16-16-42-02-225x300.jpg 225w, https:\/\/pfadiwangen.ch\/wordpress\/wp-content\/uploads\/2025\/10\/PHOTO-2024-11-16-16-42-02-1152x1536.jpg 1152w, https:\/\/pfadiwangen.ch\/wordpress\/wp-content\/uploads\/2025\/10\/PHOTO-2024-11-16-16-42-02.jpg 1536w\" sizes=\"auto, (max-width: 768px) 100vw, 768px\" \/><\/a><\/figure>\n\n\n\n<figure class=\"wp-block-image size-large\"><a href=\"https:\/\/pfadiwangen.ch\/wordpress\/wp-content\/uploads\/2025\/10\/PHOTO-2024-09-07-16-27-02.jpg\"><img loading=\"lazy\" decoding=\"async\" width=\"768\" height=\"1024\" data-id=\"3125\" src=\"https:\/\/pfadiwangen.ch\/wordpress\/wp-content\/uploads\/2025\/10\/PHOTO-2024-09-07-16-27-02-768x1024.jpg\" alt=\"\" class=\"wp-image-3125\" srcset=\"https:\/\/pfadiwangen.ch\/wordpress\/wp-content\/uploads\/2025\/10\/PHOTO-2024-09-07-16-27-02-768x1024.jpg 768w, https:\/\/pfadiwangen.ch\/wordpress\/wp-content\/uploads\/2025\/10\/PHOTO-2024-09-07-16-27-02-225x300.jpg 225w, https:\/\/pfadiwangen.ch\/wordpress\/wp-content\/uploads\/2025\/10\/PHOTO-2024-09-07-16-27-02-1152x1536.jpg 1152w, https:\/\/pfadiwangen.ch\/wordpress\/wp-content\/uploads\/2025\/10\/PHOTO-2024-09-07-16-27-02.jpg 1536w\" sizes=\"auto, (max-width: 768px) 100vw, 768px\" \/><\/a><\/figure>\n\n\n\n<figure class=\"wp-block-image size-large\"><a href=\"https:\/\/pfadiwangen.ch\/wordpress\/wp-content\/uploads\/2025\/10\/PHOTO-2024-07-11-20-42-56.jpg\"><img loading=\"lazy\" decoding=\"async\" width=\"768\" height=\"1024\" data-id=\"3124\" src=\"https:\/\/pfadiwangen.ch\/wordpress\/wp-content\/uploads\/2025\/10\/PHOTO-2024-07-11-20-42-56-768x1024.jpg\" alt=\"\" class=\"wp-image-3124\" srcset=\"https:\/\/pfadiwangen.ch\/wordpress\/wp-content\/uploads\/2025\/10\/PHOTO-2024-07-11-20-42-56-768x1024.jpg 768w, https:\/\/pfadiwangen.ch\/wordpress\/wp-content\/uploads\/2025\/10\/PHOTO-2024-07-11-20-42-56-225x300.jpg 225w, https:\/\/pfadiwangen.ch\/wordpress\/wp-content\/uploads\/2025\/10\/PHOTO-2024-07-11-20-42-56-1152x1536.jpg 1152w, https:\/\/pfadiwangen.ch\/wordpress\/wp-content\/uploads\/2025\/10\/PHOTO-2024-07-11-20-42-56.jpg 1536w\" sizes=\"auto, (max-width: 768px) 100vw, 768px\" \/><\/a><\/figure>\n\n\n\n<figure class=\"wp-block-image size-large\"><a href=\"https:\/\/pfadiwangen.ch\/wordpress\/wp-content\/uploads\/2025\/10\/PHOTO-2024-03-30-17-32-08.jpg\"><img loading=\"lazy\" decoding=\"async\" width=\"768\" height=\"1024\" data-id=\"3123\" src=\"https:\/\/pfadiwangen.ch\/wordpress\/wp-content\/uploads\/2025\/10\/PHOTO-2024-03-30-17-32-08-768x1024.jpg\" alt=\"\" class=\"wp-image-3123\" srcset=\"https:\/\/pfadiwangen.ch\/wordpress\/wp-content\/uploads\/2025\/10\/PHOTO-2024-03-30-17-32-08-768x1024.jpg 768w, https:\/\/pfadiwangen.ch\/wordpress\/wp-content\/uploads\/2025\/10\/PHOTO-2024-03-30-17-32-08-225x300.jpg 225w, https:\/\/pfadiwangen.ch\/wordpress\/wp-content\/uploads\/2025\/10\/PHOTO-2024-03-30-17-32-08-1152x1536.jpg 1152w, https:\/\/pfadiwangen.ch\/wordpress\/wp-content\/uploads\/2025\/10\/PHOTO-2024-03-30-17-32-08.jpg 1536w\" sizes=\"auto, (max-width: 768px) 100vw, 768px\" \/><\/a><\/figure>\n\n\n\n<figure class=\"wp-block-image size-large\"><a href=\"https:\/\/pfadiwangen.ch\/wordpress\/wp-content\/uploads\/2025\/10\/PHOTO-2024-03-09-11-28-10.jpg\"><img loading=\"lazy\" decoding=\"async\" width=\"768\" height=\"1024\" data-id=\"3122\" src=\"https:\/\/pfadiwangen.ch\/wordpress\/wp-content\/uploads\/2025\/10\/PHOTO-2024-03-09-11-28-10-768x1024.jpg\" alt=\"\" class=\"wp-image-3122\" srcset=\"https:\/\/pfadiwangen.ch\/wordpress\/wp-content\/uploads\/2025\/10\/PHOTO-2024-03-09-11-28-10-768x1024.jpg 768w, https:\/\/pfadiwangen.ch\/wordpress\/wp-content\/uploads\/2025\/10\/PHOTO-2024-03-09-11-28-10-225x300.jpg 225w, https:\/\/pfadiwangen.ch\/wordpress\/wp-content\/uploads\/2025\/10\/PHOTO-2024-03-09-11-28-10-1152x1536.jpg 1152w, https:\/\/pfadiwangen.ch\/wordpress\/wp-content\/uploads\/2025\/10\/PHOTO-2024-03-09-11-28-10.jpg 1200w\" sizes=\"auto, (max-width: 768px) 100vw, 768px\" \/><\/a><\/figure>\n\n\n\n<figure class=\"wp-block-image size-large\"><a href=\"https:\/\/pfadiwangen.ch\/wordpress\/wp-content\/uploads\/2025\/10\/PHOTO-2022-12-10-18-32-00.jpg\"><img loading=\"lazy\" decoding=\"async\" width=\"1536\" height=\"1152\" data-id=\"3129\" src=\"https:\/\/pfadiwangen.ch\/wordpress\/wp-content\/uploads\/2025\/10\/PHOTO-2022-12-10-18-32-00-edited.jpg\" alt=\"\" class=\"wp-image-3129\" srcset=\"https:\/\/pfadiwangen.ch\/wordpress\/wp-content\/uploads\/2025\/10\/PHOTO-2022-12-10-18-32-00-edited.jpg 1536w, https:\/\/pfadiwangen.ch\/wordpress\/wp-content\/uploads\/2025\/10\/PHOTO-2022-12-10-18-32-00-edited-300x225.jpg 300w, https:\/\/pfadiwangen.ch\/wordpress\/wp-content\/uploads\/2025\/10\/PHOTO-2022-12-10-18-32-00-edited-1024x768.jpg 1024w, https:\/\/pfadiwangen.ch\/wordpress\/wp-content\/uploads\/2025\/10\/PHOTO-2022-12-10-18-32-00-edited-768x576.jpg 768w\" sizes=\"auto, (max-width: 1536px) 100vw, 1536px\" \/><\/a><\/figure>\n<\/figure>\n","protected":false},"excerpt":{"rendered":"<p>Die Wolfsstufe bietet spannendes Programm f\u00fcr Kinder vom Alter von 6 &#8211; 10 Jahren. Wir treffen uns w\u00f6chentlich in den Schulwochen und erleben zusammen spannende Abenteuer.\u00a0 Wir treffen Ritter, Indianer, Piraten, Aliens und viele weiter nette, lustige oder gef\u00e4hrliche Gestalten, denen wir helfen einen B\u00f6sewicht zu besiegen oder ein lang ersehntes R\u00e4tsel zu l\u00f6sen. Zusammen&hellip;<\/p>\n","protected":false},"author":1,"featured_media":0,"parent":307,"menu_order":4,"comment_status":"closed","ping_status":"open","template":"","meta":{"footnotes":""},"class_list":["post-54","page","type-page","status-publish","hentry","post"],"_links":{"self":[{"href":"https:\/\/pfadiwangen.ch\/wordpress\/wp-json\/wp\/v2\/pages\/54","targetHints":{"allow":["GET"]}}],"collection":[{"href":"https:\/\/pfadiwangen.ch\/wordpress\/wp-json\/wp\/v2\/pages"}],"about":[{"href":"https:\/\/pfadiwangen.ch\/wordpress\/wp-json\/wp\/v2\/types\/page"}],"author":[{"embeddable":true,"href":"https:\/\/pfadiwangen.ch\/wordpress\/wp-json\/wp\/v2\/users\/1"}],"replies":[{"embeddable":true,"href":"https:\/\/pfadiwangen.ch\/wordpress\/wp-json\/wp\/v2\/comments?post=54"}],"version-history":[{"count":73,"href":"https:\/\/pfadiwangen.ch\/wordpress\/wp-json\/wp\/v2\/pages\/54\/revisions"}],"predecessor-version":[{"id":3130,"href":"https:\/\/pfadiwangen.ch\/wordpress\/wp-json\/wp\/v2\/pages\/54\/revisions\/3130"}],"up":[{"embeddable":true,"href":"https:\/\/pfadiwangen.ch\/wordpress\/wp-json\/wp\/v2\/pages\/307"}],"wp:attachment":[{"href":"https:\/\/pfadiwangen.ch\/wordpress\/wp-json\/wp\/v2\/media?parent=54"}],"curies":[{"name":"wp","href":"https:\/\/api.w.org\/{rel}","templated":true}]}}