{"id":307,"date":"2014-04-21T14:45:42","date_gmt":"2014-04-21T12:45:42","guid":{"rendered":"http:\/\/pfadiwangen.ch\/wordpress\/?page_id=307"},"modified":"2023-01-08T18:24:59","modified_gmt":"2023-01-08T17:24:59","slug":"was-ist-pfadi","status":"publish","type":"page","link":"https:\/\/pfadiwangen.ch\/wordpress\/was-ist-pfadi\/","title":{"rendered":"Pfadi Infos"},"content":{"rendered":"<p><a href=\"https:\/\/pfadiwangen.ch\/wordpress\/wp-content\/uploads\/2014\/04\/IMG-20140724-WA0000.jpg\"><img loading=\"lazy\" decoding=\"async\" class=\"size-medium wp-image-665 alignright\" src=\"https:\/\/pfadiwangen.ch\/wordpress\/wp-content\/uploads\/2014\/04\/IMG-20140724-WA0000-300x168.jpg\" alt=\"\" width=\"300\" height=\"168\" srcset=\"https:\/\/pfadiwangen.ch\/wordpress\/wp-content\/uploads\/2014\/04\/IMG-20140724-WA0000-300x168.jpg 300w, https:\/\/pfadiwangen.ch\/wordpress\/wp-content\/uploads\/2014\/04\/IMG-20140724-WA0000-1024x576.jpg 1024w, https:\/\/pfadiwangen.ch\/wordpress\/wp-content\/uploads\/2014\/04\/IMG-20140724-WA0000-100x55.jpg 100w, https:\/\/pfadiwangen.ch\/wordpress\/wp-content\/uploads\/2014\/04\/IMG-20140724-WA0000.jpg 1328w\" sizes=\"auto, (max-width: 300px) 100vw, 300px\" \/><\/a>Was ist Pfadi eigentlich genau? Diese Frage stellt sich wohl manch eine Person, welche einem wilden Haufen Pfadis \u00fcber den Weg l\u00e4uft. Die Geschichte der Pfadi, die Werte, die sie vertritt <span style=\"font-size: inherit;\">und lebt und h\u00e4ufige Traditionen in Schweizer Pfadfinderabteilungen werden hier kurz vorgestellt.<\/span><\/p>\n<p><\/p>\n<h3>&nbsp;<\/h3>\n<p><strong>Geschichte<\/strong> <br>Die Pfadi ist eine weltweite Jugendorganisation. Mit \u00fcber 40 Millionen Mitgliedern ist sie sogar die gr\u00f6sste der Welt. Sir Lord Robert Stephenson Smyth Baden-Powell of Gillwell, kurz &#8222;Bipi&#8220;, hielt 1907 auf Brown Island in England das erste offizielle Pfadilager ab. Dieses Jahr gilt seither als das Gr\u00fcndungsjahr der internationalen Pfadibewegung.<\/p>\n<p>Die Idee, die Bipi mit der Pfadi umsetzen wollte, war, dass Kinder und Jugendliche aus ihrem Zuhause raus in die Natur gehen und dort gemeinsam lernen k\u00f6nnen. Spielerisch sollten \u00e4ltere, erfahrene Jugendliche j\u00fcngere Kinder Techniken lehren, um in und mit der Natur in einer Gemeinschaft zusammenzuleben. Die Werte, die dabei zentral waren, waren das Lernen mit- und voneinander, Tugendhaftigkeit, Ehrlichkeit und Einsatzbereitschaft in jedem Bereich, in dem Hilfe geleistet werden konnte. Auch wenn sich einzelne Traditionen und die Organisation von Pfadi in den verschiedenen L\u00e4ndern der Welt teilweise stark unterscheiden, blieben diese solidarischen Grundgedanken doch \u00fcberall die gleichen.<\/p>\n<p><strong>Pfadi in der Schweiz<a href=\"https:\/\/pfadiwangen.ch\/wordpress\/wp-content\/uploads\/2014\/04\/p001_1_00.jpg\"><img loading=\"lazy\" decoding=\"async\" class=\"size-medium wp-image-662 alignright\" src=\"https:\/\/pfadiwangen.ch\/wordpress\/wp-content\/uploads\/2014\/04\/p001_1_00-300x98.jpg\" alt=\"\" width=\"300\" height=\"98\" srcset=\"https:\/\/pfadiwangen.ch\/wordpress\/wp-content\/uploads\/2014\/04\/p001_1_00-300x98.jpg 300w, https:\/\/pfadiwangen.ch\/wordpress\/wp-content\/uploads\/2014\/04\/p001_1_00.jpg 782w\" sizes=\"auto, (max-width: 300px) 100vw, 300px\" \/><\/a><\/strong> <br>In der Schweiz schlossen sich 1987 die beiden Dachverb\u00e4nde der M\u00e4dchen- und Jungs-Pfadi zur heutigen, gemischten &#8222;Pfadibewegung Schweiz&#8220; zusammen. In den Kantonen organisieren sich die Pfadiabteilungen jeweils zus\u00e4tzlich in Kantonalverb\u00e4nden. Im Kanton Solothurn ist dies die PKS, &#8222;Pfadi Kanton Solothurn&#8220;.&nbsp;<strong>&nbsp; &nbsp; &nbsp; &nbsp; &nbsp; &nbsp; &nbsp; &nbsp; &nbsp; &nbsp; &nbsp; &nbsp; &nbsp; &nbsp; &nbsp; &nbsp; &nbsp; &nbsp; &nbsp; &nbsp; &nbsp; &nbsp; &nbsp; &nbsp; &nbsp;<\/strong><\/p>\n\n\n<div class=\"wp-block-media-text alignwide has-media-on-the-right is-stacked-on-mobile\"><div class=\"wp-block-media-text__content\">\n<p class=\"has-large-font-size\">5 Beziehungen<\/p>\n\n\n\n<p><strong>Die Beziehung zur Pers\u00f6nlichkeit: <\/strong>selbstbewusst und selbstkritisch sein<br><strong>Die Beziehung zum K\u00f6rper: <\/strong>sich annehmen und sich ausdr\u00fccken<br><strong>Die Beziehung zu den Mitmenschen: <\/strong>anderen frei begegnen und sie respektieren<br><strong>Die Beziehung zur Welt: <\/strong>kreativ sein und umweltbewusst handeln<br><strong>Die Beziehung zur Spiritualit\u00e4t \/ zu Gott: <\/strong>offen sein und nachdenken<\/p>\n\n\n\n<p>(Quelle: www.scout.ch, <a href=\"https:\/\/www.scout.ch\/de\/das-ist-pfadi\/paedagogisches\/unsere-grundlagen\">https:\/\/www.scout.ch\/de\/das-ist-pfadi\/paedagogisches\/unsere-grundlagen<\/a>)<\/p>\n<\/div><figure class=\"wp-block-media-text__media\"><img loading=\"lazy\" decoding=\"async\" width=\"910\" height=\"190\" src=\"https:\/\/pfadiwangen.ch\/wordpress\/wp-content\/uploads\/2021\/08\/5-Beziehungen-Pfadi.jpg\" alt=\"\" class=\"wp-image-1714 size-full\" srcset=\"https:\/\/pfadiwangen.ch\/wordpress\/wp-content\/uploads\/2021\/08\/5-Beziehungen-Pfadi.jpg 910w, https:\/\/pfadiwangen.ch\/wordpress\/wp-content\/uploads\/2021\/08\/5-Beziehungen-Pfadi-300x63.jpg 300w, https:\/\/pfadiwangen.ch\/wordpress\/wp-content\/uploads\/2021\/08\/5-Beziehungen-Pfadi-768x160.jpg 768w\" sizes=\"auto, (max-width: 910px) 100vw, 910px\" \/><\/figure><\/div>\n\n\n\n<div class=\"wp-block-media-text alignwide has-media-on-the-right is-stacked-on-mobile\" style=\"grid-template-columns:auto 15%\"><div class=\"wp-block-media-text__content\">\n<p class=\"has-text-align-left has-large-font-size\">7 Methoden<\/p>\n\n\n\n<p><strong>Pers\u00f6nlichen Fortschritt f\u00f6rdern: <\/strong>z.B. sich ein F\u00e4higkeits-Abzeichen verdienen<\/p>\n\n\n\n<p><strong>Gestz und Versprechen: <\/strong>z.B. feierlich das Pfadi-Versprechen ablegen<\/p>\n\n\n\n<p><strong>Leben in der Gruppe: <\/strong>z.B. im Pfadilager zwei Wochen lang zusammenleben<\/p>\n\n\n\n<p><strong>Rituale und Traditionen: <\/strong>z.B. sich beim Begr\u00fcssen die linke Hand geben<\/p>\n\n\n\n<p><strong>Mitbestimmen und Verantwortung tragen: <\/strong>z.B. gemeinsam die Lagerregeln erarbeiten<\/p>\n\n\n\n<p><strong>Draussen leben: <\/strong>z.B. ums Lagerfeuer sitzen und die Sterne beobachten<\/p>\n\n\n\n<p><strong>Spielen: <\/strong>z.B. beim Gel\u00e4ndespiel so richtig Dampf ablassen<\/p>\n\n\n\n<p><\/p>\n\n\n\n<p>(Quelle: www.scout.ch, <a href=\"https:\/\/www.scout.ch\/de\/das-ist-pfadi\/paedagogisches\/unsere-grundlagen\">https:\/\/www.scout.ch\/de\/das-ist-pfadi\/paedagogisches\/unsere-grundlagen<\/a>)<\/p>\n<\/div><figure class=\"wp-block-media-text__media\"><img loading=\"lazy\" decoding=\"async\" width=\"126\" height=\"822\" src=\"https:\/\/pfadiwangen.ch\/wordpress\/wp-content\/uploads\/2021\/08\/7-Methoden-Pfadi.png\" alt=\"\" class=\"wp-image-1715 size-full\" srcset=\"https:\/\/pfadiwangen.ch\/wordpress\/wp-content\/uploads\/2021\/08\/7-Methoden-Pfadi.png 126w, https:\/\/pfadiwangen.ch\/wordpress\/wp-content\/uploads\/2021\/08\/7-Methoden-Pfadi-46x300.png 46w\" sizes=\"auto, (max-width: 126px) 100vw, 126px\" \/><\/figure><\/div>\n\n\n\n<p>In der Pfadi f\u00f6rdern in den Aktivit\u00e4ten 5 Beziehungen durch 7 Methoden. <\/p>\n","protected":false},"excerpt":{"rendered":"<p>Was ist Pfadi eigentlich genau? Diese Frage stellt sich wohl manch eine Person, welche einem wilden Haufen Pfadis \u00fcber den Weg l\u00e4uft. Die Geschichte der Pfadi, die Werte, die sie vertritt und lebt und h\u00e4ufige Traditionen in Schweizer Pfadfinderabteilungen werden hier kurz vorgestellt. &nbsp; Geschichte Die Pfadi ist eine weltweite Jugendorganisation. Mit \u00fcber 40 Millionen&hellip;<\/p>\n","protected":false},"author":5,"featured_media":0,"parent":0,"menu_order":0,"comment_status":"closed","ping_status":"open","template":"","meta":{"footnotes":""},"class_list":["post-307","page","type-page","status-publish","hentry","post"],"_links":{"self":[{"href":"https:\/\/pfadiwangen.ch\/wordpress\/wp-json\/wp\/v2\/pages\/307","targetHints":{"allow":["GET"]}}],"collection":[{"href":"https:\/\/pfadiwangen.ch\/wordpress\/wp-json\/wp\/v2\/pages"}],"about":[{"href":"https:\/\/pfadiwangen.ch\/wordpress\/wp-json\/wp\/v2\/types\/page"}],"author":[{"embeddable":true,"href":"https:\/\/pfadiwangen.ch\/wordpress\/wp-json\/wp\/v2\/users\/5"}],"replies":[{"embeddable":true,"href":"https:\/\/pfadiwangen.ch\/wordpress\/wp-json\/wp\/v2\/comments?post=307"}],"version-history":[{"count":44,"href":"https:\/\/pfadiwangen.ch\/wordpress\/wp-json\/wp\/v2\/pages\/307\/revisions"}],"predecessor-version":[{"id":2854,"href":"https:\/\/pfadiwangen.ch\/wordpress\/wp-json\/wp\/v2\/pages\/307\/revisions\/2854"}],"wp:attachment":[{"href":"https:\/\/pfadiwangen.ch\/wordpress\/wp-json\/wp\/v2\/media?parent=307"}],"curies":[{"name":"wp","href":"https:\/\/api.w.org\/{rel}","templated":true}]}}