{"id":303,"date":"2014-04-21T14:40:21","date_gmt":"2014-04-21T12:40:21","guid":{"rendered":"http:\/\/pfadiwangen.ch\/wordpress\/?page_id=303"},"modified":"2023-01-08T18:29:00","modified_gmt":"2023-01-08T17:29:00","slug":"4-stufe-rover","status":"publish","type":"page","link":"https:\/\/pfadiwangen.ch\/wordpress\/was-ist-pfadi\/4-stufe-rover\/","title":{"rendered":"Roverstufe"},"content":{"rendered":"<p>Mitglied<a href=\"https:\/\/pfadiwangen.ch\/wordpress\/wp-content\/uploads\/2014\/04\/Rover.png\"><img loading=\"lazy\" decoding=\"async\" class=\"alignleft wp-image-1163 size-medium\" src=\"https:\/\/pfadiwangen.ch\/wordpress\/wp-content\/uploads\/2014\/04\/Rover-231x300.png\" alt=\"rover\" width=\"231\" height=\"300\" srcset=\"https:\/\/pfadiwangen.ch\/wordpress\/wp-content\/uploads\/2014\/04\/Rover-231x300.png 231w, https:\/\/pfadiwangen.ch\/wordpress\/wp-content\/uploads\/2014\/04\/Rover.png 282w\" sizes=\"auto, (max-width: 231px) 100vw, 231px\" \/><\/a>er dieser Stufe sind zu einem grossen Teil Leiter\/innen in den drei anderen Stufen. Damit ist diese Stufe die St\u00fctze der Jugendarbeit in unserer Bewegung. Durch den Entschluss, Leitungsverantwortung zu \u00fcbernehmen, beginnt ein neues Abenteuer, in welchem erfahrene Kolleginnen und Kollegen und Ausbildungskurse wertvoll unterst\u00fctzende Begleiterinnen und Begleiter sind. Grunds\u00e4tzlich legt die PBS f\u00fcr die Roverstufe nach oben keine Altersbeschr\u00e4nkung fest. Die Kerngruppe dieser Stufe ist jedoch zwischen 17 und 25 Jahre alt.<\/p>\n<p>&nbsp;<\/p>\n","protected":false},"excerpt":{"rendered":"<p>Mitglieder dieser Stufe sind zu einem grossen Teil Leiter\/innen in den drei anderen Stufen. Damit ist diese Stufe die St\u00fctze der Jugendarbeit in unserer Bewegung. Durch den Entschluss, Leitungsverantwortung zu \u00fcbernehmen, beginnt ein neues Abenteuer, in welchem erfahrene Kolleginnen und Kollegen und Ausbildungskurse wertvoll unterst\u00fctzende Begleiterinnen und Begleiter sind. Grunds\u00e4tzlich legt die PBS f\u00fcr die&hellip;<\/p>\n","protected":false},"author":5,"featured_media":0,"parent":307,"menu_order":7,"comment_status":"closed","ping_status":"closed","template":"","meta":{"footnotes":""},"class_list":["post-303","page","type-page","status-publish","hentry","post"],"_links":{"self":[{"href":"https:\/\/pfadiwangen.ch\/wordpress\/wp-json\/wp\/v2\/pages\/303","targetHints":{"allow":["GET"]}}],"collection":[{"href":"https:\/\/pfadiwangen.ch\/wordpress\/wp-json\/wp\/v2\/pages"}],"about":[{"href":"https:\/\/pfadiwangen.ch\/wordpress\/wp-json\/wp\/v2\/types\/page"}],"author":[{"embeddable":true,"href":"https:\/\/pfadiwangen.ch\/wordpress\/wp-json\/wp\/v2\/users\/5"}],"replies":[{"embeddable":true,"href":"https:\/\/pfadiwangen.ch\/wordpress\/wp-json\/wp\/v2\/comments?post=303"}],"version-history":[{"count":6,"href":"https:\/\/pfadiwangen.ch\/wordpress\/wp-json\/wp\/v2\/pages\/303\/revisions"}],"predecessor-version":[{"id":2850,"href":"https:\/\/pfadiwangen.ch\/wordpress\/wp-json\/wp\/v2\/pages\/303\/revisions\/2850"}],"up":[{"embeddable":true,"href":"https:\/\/pfadiwangen.ch\/wordpress\/wp-json\/wp\/v2\/pages\/307"}],"wp:attachment":[{"href":"https:\/\/pfadiwangen.ch\/wordpress\/wp-json\/wp\/v2\/media?parent=303"}],"curies":[{"name":"wp","href":"https:\/\/api.w.org\/{rel}","templated":true}]}}