{"id":2856,"date":"2023-01-09T13:04:50","date_gmt":"2023-01-09T12:04:50","guid":{"rendered":"https:\/\/pfadiwangen.ch\/wordpress\/?page_id=2856"},"modified":"2023-01-09T13:06:19","modified_gmt":"2023-01-09T12:06:19","slug":"impressum","status":"publish","type":"page","link":"https:\/\/pfadiwangen.ch\/wordpress\/impressum\/","title":{"rendered":"Impressum"},"content":{"rendered":"<div class=\"siteorigin-widget-tinymce textwidget\">\n<div class=\"container\">\n<div class=\"blog-content\">\n<div class=\"col-sm-10 col-sm-offset-1\">\n<p>pfadiwangen.ch ist der Internetauftritt der Pfadi Wangen. Die einzelnen Seiten werden von verschiedenen Autoren betreut. Schreib- und Inhaltsfehler meldet man bitte unter info[at]pfadiwangen.ch.<\/p>\n<h2>Rechtliche Hinweise<\/h2>\n<h3><span id=\"ContentPlaceHolder1_lblVorschau\"><strong>Kontakt-Adresse<\/strong><\/span><\/h3>\n<p><span id=\"ContentPlaceHolder1_lblVorschau\">Pfadi Wangen<br \/>\n4612 Wangen b.O.<br \/>\nSchweiz<\/span><\/p>\n<p><span id=\"ContentPlaceHolder1_lblVorschau\">E-Mail:<br \/>\ninfo[at]pfadiwangen.ch<\/span><\/p>\n<h3><span id=\"ContentPlaceHolder1_lblVorschau\"><strong>Vertretungsberechtigte Person(en)<\/strong><\/span><\/h3>\n<p>Fanny Klaffke, Abteilungsleitung<\/p>\n<p>Felicia Studer, Pr\u00e4sidentin APV<\/p>\n<h3><span id=\"ContentPlaceHolder1_lblVorschau\"><strong>Haftungsausschluss<\/strong><\/span><\/h3>\n<p><span id=\"ContentPlaceHolder1_lblVorschau\">Der Autor\/die Autorin \u00fcbernimmt keinerlei Gew\u00e4hr hinsichtlich der inhaltlichen Richtigkeit, Genauigkeit, Aktualit\u00e4t, Zuverl\u00e4ssigkeit und Vollst\u00e4ndigkeit der Informationen.<\/span><\/p>\n<p><span id=\"ContentPlaceHolder1_lblVorschau\">Haftungsanspr\u00fcche gegen den Autor\/die Autorin wegen Sch\u00e4den materieller oder immaterieller Art, welche aus dem Zugriff oder der Nutzung bzw. Nichtnutzung der ver\u00f6ffentlichten Informationen, durch Missbrauch der Verbindung oder durch technische St\u00f6rungen entstanden sind, werden ausgeschlossen.<\/span><\/p>\n<p><span id=\"ContentPlaceHolder1_lblVorschau\">Alle Angebote sind unverbindlich. Der Autor\/die Autorin beh\u00e4lt es sich ausdr\u00fccklich vor, Teile der Seiten oder das gesamte Angebot ohne besondere Ank\u00fcndigung zu ver\u00e4ndern, zu erg\u00e4nzen, zu l\u00f6schen oder die Ver\u00f6ffentlichung zeitweise oder endg\u00fcltig einzustellen.<\/span><\/p>\n<h3><span id=\"ContentPlaceHolder1_lblVorschau\"><strong>Haftungsausschluss f\u00fcr Links<\/strong><\/span><\/h3>\n<p><span id=\"ContentPlaceHolder1_lblVorschau\">Verweise und Links auf Webseiten Dritter liegen ausserhalb unseres Verantwortungsbereichs. Es wird jegliche Verantwortung f\u00fcr solche Webseiten abgelehnt. Der Zugriff und die Nutzung solcher Webseiten erfolgen auf eigene Gefahr des jeweiligen Nutzers.<\/span><\/p>\n<h3><span id=\"ContentPlaceHolder1_lblVorschau\"><strong>Urheberrechte<\/strong><\/span><\/h3>\n<p><span id=\"ContentPlaceHolder1_lblVorschau\">Die Urheber- und alle anderen Rechte an Inhalten, Bildern, Fotos oder anderen Dateien auf dieser Website, geh\u00f6ren ausschliesslich <strong>der juristischen Person Pfadi Wangen<\/strong> oder den speziell genannten Rechteinhaber*innen. F\u00fcr die Reproduktion jeglicher Elemente ist die schriftliche Zustimmung des Urheberrechtstr\u00e4gers\/der Urheberechtstr\u00e4gerin im Voraus einzuholen. E-Mailadressen d\u00fcrfen nicht kommerziell oder f\u00fcr Werbezwecke missbraucht werden.<\/span><\/p>\n<\/div>\n<\/div>\n<\/div>\n<\/div>\n","protected":false},"excerpt":{"rendered":"<p>pfadiwangen.ch ist der Internetauftritt der Pfadi Wangen. Die einzelnen Seiten werden von verschiedenen Autoren betreut. Schreib- und Inhaltsfehler meldet man bitte unter info[at]pfadiwangen.ch. Rechtliche Hinweise Kontakt-Adresse Pfadi Wangen 4612 Wangen b.O. Schweiz E-Mail: info[at]pfadiwangen.ch Vertretungsberechtigte Person(en) Fanny Klaffke, Abteilungsleitung Felicia Studer, Pr\u00e4sidentin APV Haftungsausschluss Der Autor\/die Autorin \u00fcbernimmt keinerlei Gew\u00e4hr hinsichtlich der inhaltlichen Richtigkeit, Genauigkeit,&hellip;<\/p>\n","protected":false},"author":1,"featured_media":0,"parent":0,"menu_order":0,"comment_status":"closed","ping_status":"closed","template":"","meta":{"footnotes":""},"class_list":["post-2856","page","type-page","status-publish","hentry","post"],"_links":{"self":[{"href":"https:\/\/pfadiwangen.ch\/wordpress\/wp-json\/wp\/v2\/pages\/2856","targetHints":{"allow":["GET"]}}],"collection":[{"href":"https:\/\/pfadiwangen.ch\/wordpress\/wp-json\/wp\/v2\/pages"}],"about":[{"href":"https:\/\/pfadiwangen.ch\/wordpress\/wp-json\/wp\/v2\/types\/page"}],"author":[{"embeddable":true,"href":"https:\/\/pfadiwangen.ch\/wordpress\/wp-json\/wp\/v2\/users\/1"}],"replies":[{"embeddable":true,"href":"https:\/\/pfadiwangen.ch\/wordpress\/wp-json\/wp\/v2\/comments?post=2856"}],"version-history":[{"count":2,"href":"https:\/\/pfadiwangen.ch\/wordpress\/wp-json\/wp\/v2\/pages\/2856\/revisions"}],"predecessor-version":[{"id":2859,"href":"https:\/\/pfadiwangen.ch\/wordpress\/wp-json\/wp\/v2\/pages\/2856\/revisions\/2859"}],"wp:attachment":[{"href":"https:\/\/pfadiwangen.ch\/wordpress\/wp-json\/wp\/v2\/media?parent=2856"}],"curies":[{"name":"wp","href":"https:\/\/api.w.org\/{rel}","templated":true}]}}