{"id":2816,"date":"2023-01-08T17:20:50","date_gmt":"2023-01-08T16:20:50","guid":{"rendered":"https:\/\/pfadiwangen.ch\/wordpress\/?page_id=2816"},"modified":"2023-01-08T18:01:10","modified_gmt":"2023-01-08T17:01:10","slug":"apv","status":"publish","type":"page","link":"https:\/\/pfadiwangen.ch\/wordpress\/apv\/","title":{"rendered":"APV"},"content":{"rendered":"\n<h2 class=\"wp-block-heading\">Verein<\/h2>\n\n\n\n<p>Der APV Wangen ist ein eine Vereinigung ehemaliger Aktivmitglieder und Freunde der Pfadiabteilung St.Gallus Wangen bei Olten.<\/p>\n\n\n\n<p>Der Verein bezweckt:<\/p>\n\n\n\n<ul class=\"wp-block-list\">\n<li>die Kameradschaft unter den ehemaligen Pfadis zu f\u00f6rdern<\/li>\n\n\n\n<li>den Betrieb und die Verwaltung des Pfadiheims sicherzustellen<\/li>\n\n\n\n<li>die Entwicklung in der Abteilung mit Interesse zu verfolgen<\/li>\n\n\n\n<li>der Abteilung, wo angebracht oder n\u00f6tig, jegliche m\u00f6gliche Hilfe zu leisten<\/li>\n\n\n\n<li>mit der Abteilung den f\u00fcr eine erfolgreiche Zusammenarbeit geeigneten Kontakt zu pfle-gen.<\/li>\n<\/ul>\n\n\n\n<p><a href=\"https:\/\/pfadiwangen.ch\/wordpress\/wp-content\/uploads\/2014\/02\/Statuten-APV-Wangen-vom-2013-03-09.pdf\">Statuten APV Wangen vom 2013-03-09<\/a><\/p>\n\n\n\n<h2 class=\"wp-block-heading\">Mitgliedschaft<\/h2>\n\n\n\n<p>Mit Vergn\u00fcgen nehmen wir neue Mitglieder in unseren Verein auf.<br>Bitte folgende <a href=\"https:\/\/pfadiwangen.ch\/wordpress\/wp-content\/uploads\/2014\/02\/APV-Beitrittserkl\u00e4rung1.xls\">APV Beitrittserkl\u00e4rung<\/a>&nbsp;ausf\u00fcllen und an folgende Adresse schicken:<\/p>\n\n\n\n<p>Manuel Studer<br>Barf\u00fcssergasse 7<br>4500 Solothurn<\/p>\n\n\n\n<h2 class=\"wp-block-heading\">Aktuell<\/h2>\n\n\n<ul class=\"wp-block-latest-posts__list has-dates has-author wp-block-latest-posts\"><li><a class=\"wp-block-latest-posts__post-title\" href=\"https:\/\/pfadiwangen.ch\/wordpress\/2026\/protokoll-der-apv-gv-2026-online-verfuegbar\/\">Protokoll der APV GV 2026 online verf\u00fcgbar<\/a><div class=\"wp-block-latest-posts__post-author\">von Bison<\/div><time datetime=\"2026-03-29T12:20:25+02:00\" class=\"wp-block-latest-posts__post-date\">29. M\u00e4rz 2026<\/time><\/li>\n<li><a class=\"wp-block-latest-posts__post-title\" href=\"https:\/\/pfadiwangen.ch\/wordpress\/2025\/protokoll-der-apv-gv-2025-online-verfuegbar\/\">Protokoll der APV GV 2025 online verf\u00fcgbar<\/a><div class=\"wp-block-latest-posts__post-author\">von Bison<\/div><time datetime=\"2025-03-30T12:52:20+02:00\" class=\"wp-block-latest-posts__post-date\">30. M\u00e4rz 2025<\/time><\/li>\n<li><a class=\"wp-block-latest-posts__post-title\" href=\"https:\/\/pfadiwangen.ch\/wordpress\/2024\/protokoll-der-apv-gv-2024-online-verfuegbar\/\">Protokoll der APV GV 2024 online verf\u00fcgbar<\/a><div class=\"wp-block-latest-posts__post-author\">von Bison<\/div><time datetime=\"2024-03-24T13:41:11+01:00\" class=\"wp-block-latest-posts__post-date\">24. M\u00e4rz 2024<\/time><\/li>\n<li><a class=\"wp-block-latest-posts__post-title\" href=\"https:\/\/pfadiwangen.ch\/wordpress\/2023\/protokoll-der-apv-gv-2023-online-verfuegbar\/\">Protokoll der APV GV 2023 online verf\u00fcgbar<\/a><div class=\"wp-block-latest-posts__post-author\">von Bison<\/div><time datetime=\"2023-03-26T14:09:19+02:00\" class=\"wp-block-latest-posts__post-date\">26. M\u00e4rz 2023<\/time><\/li>\n<li><a class=\"wp-block-latest-posts__post-title\" href=\"https:\/\/pfadiwangen.ch\/wordpress\/2022\/protokoll-der-apv-gv-2022-online-verfuegbar\/\">Protokoll der APV GV 2022 online verf\u00fcgbar<\/a><div class=\"wp-block-latest-posts__post-author\">von Bison<\/div><time datetime=\"2022-03-27T12:16:21+02:00\" class=\"wp-block-latest-posts__post-date\">27. M\u00e4rz 2022<\/time><\/li>\n<li><a class=\"wp-block-latest-posts__post-title\" href=\"https:\/\/pfadiwangen.ch\/wordpress\/2021\/protokoll-der-apv-gv-2021-online-verfuegbar\/\">Protokoll der APV GV 2021 online verf\u00fcgbar<\/a><div class=\"wp-block-latest-posts__post-author\">von Bison<\/div><time datetime=\"2021-08-22T12:35:48+02:00\" class=\"wp-block-latest-posts__post-date\">22. August 2021<\/time><\/li>\n<li><a class=\"wp-block-latest-posts__post-title\" href=\"https:\/\/pfadiwangen.ch\/wordpress\/2020\/protokoll-der-apv-gv-2020-online-verfuegbar\/\">Protokoll der APV GV 2020 online verf\u00fcgbar<\/a><div class=\"wp-block-latest-posts__post-author\">von Bison<\/div><time datetime=\"2020-03-07T22:14:57+01:00\" class=\"wp-block-latest-posts__post-date\">7. M\u00e4rz 2020<\/time><\/li>\n<li><a class=\"wp-block-latest-posts__post-title\" href=\"https:\/\/pfadiwangen.ch\/wordpress\/2020\/protokoll-der-apv-gv-2019-online-verfuegbar\/\">Protokoll der APV GV 2019 online verf\u00fcgbar<\/a><div class=\"wp-block-latest-posts__post-author\">von Bison<\/div><time datetime=\"2020-02-24T23:32:01+01:00\" class=\"wp-block-latest-posts__post-date\">24. Februar 2020<\/time><\/li>\n<\/ul>","protected":false},"excerpt":{"rendered":"<p>Verein Der APV Wangen ist ein eine Vereinigung ehemaliger Aktivmitglieder und Freunde der Pfadiabteilung St.Gallus Wangen bei Olten. Der Verein bezweckt: Statuten APV Wangen vom 2013-03-09 Mitgliedschaft Mit Vergn\u00fcgen nehmen wir neue Mitglieder in unseren Verein auf.Bitte folgende APV Beitrittserkl\u00e4rung&nbsp;ausf\u00fcllen und an folgende Adresse schicken: Manuel StuderBarf\u00fcssergasse 74500 Solothurn Aktuell<\/p>\n","protected":false},"author":1,"featured_media":0,"parent":0,"menu_order":0,"comment_status":"closed","ping_status":"closed","template":"","meta":{"footnotes":""},"class_list":["post-2816","page","type-page","status-publish","hentry","post"],"_links":{"self":[{"href":"https:\/\/pfadiwangen.ch\/wordpress\/wp-json\/wp\/v2\/pages\/2816","targetHints":{"allow":["GET"]}}],"collection":[{"href":"https:\/\/pfadiwangen.ch\/wordpress\/wp-json\/wp\/v2\/pages"}],"about":[{"href":"https:\/\/pfadiwangen.ch\/wordpress\/wp-json\/wp\/v2\/types\/page"}],"author":[{"embeddable":true,"href":"https:\/\/pfadiwangen.ch\/wordpress\/wp-json\/wp\/v2\/users\/1"}],"replies":[{"embeddable":true,"href":"https:\/\/pfadiwangen.ch\/wordpress\/wp-json\/wp\/v2\/comments?post=2816"}],"version-history":[{"count":10,"href":"https:\/\/pfadiwangen.ch\/wordpress\/wp-json\/wp\/v2\/pages\/2816\/revisions"}],"predecessor-version":[{"id":2838,"href":"https:\/\/pfadiwangen.ch\/wordpress\/wp-json\/wp\/v2\/pages\/2816\/revisions\/2838"}],"wp:attachment":[{"href":"https:\/\/pfadiwangen.ch\/wordpress\/wp-json\/wp\/v2\/media?parent=2816"}],"curies":[{"name":"wp","href":"https:\/\/api.w.org\/{rel}","templated":true}]}}