{"id":24,"date":"2013-09-30T15:15:22","date_gmt":"2013-09-30T13:15:22","guid":{"rendered":"http:\/\/nufonque.net\/pfadiwangen\/?page_id=24"},"modified":"2025-10-07T09:55:48","modified_gmt":"2025-10-07T07:55:48","slug":"2-stufe-pfadis","status":"publish","type":"page","link":"https:\/\/pfadiwangen.ch\/wordpress\/was-ist-pfadi\/2-stufe-pfadis\/","title":{"rendered":"Pfadistufe"},"content":{"rendered":"\n<p><strong>Die Pfadistufe bietet spannendes Programm f\u00fcr Kinder zwischen 11 &#8211; 14 Jahren. Wir treffen uns w\u00f6chentlich in den Schulwochen und erleben zusammen spannende Abenteuer.&nbsp;<\/strong><\/p>\n\n\n\n<div class=\"wp-block-columns is-layout-flex wp-container-core-columns-is-layout-9d6595d7 wp-block-columns-is-layout-flex\">\n<div class=\"wp-block-column is-layout-flow wp-block-column-is-layout-flow\" style=\"flex-basis:100%\">\n<div class=\"wp-block-media-text alignwide is-stacked-on-mobile is-vertically-aligned-top\" style=\"grid-template-columns:23% auto\"><figure class=\"wp-block-media-text__media\"><img loading=\"lazy\" decoding=\"async\" width=\"275\" height=\"400\" src=\"https:\/\/pfadiwangen.ch\/wordpress\/wp-content\/uploads\/2014\/04\/Pfadi.png\" alt=\"\" class=\"wp-image-1161 size-full\" srcset=\"https:\/\/pfadiwangen.ch\/wordpress\/wp-content\/uploads\/2014\/04\/Pfadi.png 275w, https:\/\/pfadiwangen.ch\/wordpress\/wp-content\/uploads\/2014\/04\/Pfadi-206x300.png 206w\" sizes=\"auto, (max-width: 275px) 100vw, 275px\" \/><\/figure><div class=\"wp-block-media-text__content\">\n<p>Mit viel Elan und Motivation l\u00f6sen wir knifflige R\u00e4tsel, suchen Verbrecher oder \u00fcben erste Hilfe, bauen Blachenzelte oder Seilbahnen. <\/p>\n\n\n\n<p>Zusammen mit den W\u00f6lfen gehen wir ins PfiLa\/UfLa und SoLa. Manchmal gibt es auch ein Weekend! Das ist immer die tollste Zeit.\u00a0<\/p>\n\n\n\n<p><strong>Bist du neugierig geworden und m\u00f6chtest mit uns spannende Abenteuer erleben?<br><\/strong>Dann melde dich doch bei der Wolfstufenleiterin<a href=\"https:\/\/pfadiwangen.ch\/wordpress\/kontakt\/\"> (Die Nummern sind unter Kontakt zu finden) <\/a>oder besuche uns an einer Aktiviti\u00e4t.<\/p>\n\n\n\n<p>Wir freuen uns auf dich!<\/p>\n<\/div><\/div>\n<\/div>\n<\/div>\n\n\n\n<figure class=\"wp-block-gallery has-nested-images columns-default is-cropped wp-block-gallery-1 is-layout-flex wp-block-gallery-is-layout-flex\">\n<figure class=\"wp-block-image size-large\"><a href=\"https:\/\/pfadiwangen.ch\/wordpress\/wp-content\/uploads\/2025\/10\/PHOTO-2024-08-25-11-54-39.jpg\"><img loading=\"lazy\" decoding=\"async\" width=\"768\" height=\"1024\" data-id=\"3136\" src=\"https:\/\/pfadiwangen.ch\/wordpress\/wp-content\/uploads\/2025\/10\/PHOTO-2024-08-25-11-54-39-768x1024.jpg\" alt=\"\" class=\"wp-image-3136\" srcset=\"https:\/\/pfadiwangen.ch\/wordpress\/wp-content\/uploads\/2025\/10\/PHOTO-2024-08-25-11-54-39-768x1024.jpg 768w, https:\/\/pfadiwangen.ch\/wordpress\/wp-content\/uploads\/2025\/10\/PHOTO-2024-08-25-11-54-39-225x300.jpg 225w, https:\/\/pfadiwangen.ch\/wordpress\/wp-content\/uploads\/2025\/10\/PHOTO-2024-08-25-11-54-39-1152x1536.jpg 1152w, https:\/\/pfadiwangen.ch\/wordpress\/wp-content\/uploads\/2025\/10\/PHOTO-2024-08-25-11-54-39.jpg 1200w\" sizes=\"auto, (max-width: 768px) 100vw, 768px\" \/><\/a><\/figure>\n\n\n\n<figure class=\"wp-block-image size-large\"><a href=\"https:\/\/pfadiwangen.ch\/wordpress\/wp-content\/uploads\/2025\/10\/PHOTO-2023-05-28-17-58-17.jpg\"><img loading=\"lazy\" decoding=\"async\" width=\"1024\" height=\"768\" data-id=\"3132\" src=\"https:\/\/pfadiwangen.ch\/wordpress\/wp-content\/uploads\/2025\/10\/PHOTO-2023-05-28-17-58-17-1024x768.jpg\" alt=\"\" class=\"wp-image-3132\" srcset=\"https:\/\/pfadiwangen.ch\/wordpress\/wp-content\/uploads\/2025\/10\/PHOTO-2023-05-28-17-58-17-1024x768.jpg 1024w, https:\/\/pfadiwangen.ch\/wordpress\/wp-content\/uploads\/2025\/10\/PHOTO-2023-05-28-17-58-17-300x225.jpg 300w, https:\/\/pfadiwangen.ch\/wordpress\/wp-content\/uploads\/2025\/10\/PHOTO-2023-05-28-17-58-17-768x576.jpg 768w, https:\/\/pfadiwangen.ch\/wordpress\/wp-content\/uploads\/2025\/10\/PHOTO-2023-05-28-17-58-17-1536x1152.jpg 1536w, https:\/\/pfadiwangen.ch\/wordpress\/wp-content\/uploads\/2025\/10\/PHOTO-2023-05-28-17-58-17.jpg 1600w\" sizes=\"auto, (max-width: 1024px) 100vw, 1024px\" \/><\/a><\/figure>\n\n\n\n<figure class=\"wp-block-image size-large\"><a href=\"https:\/\/pfadiwangen.ch\/wordpress\/wp-content\/uploads\/2025\/10\/PHOTO-2024-01-20-18-42-49.jpg\"><img loading=\"lazy\" decoding=\"async\" width=\"768\" height=\"1024\" data-id=\"3133\" src=\"https:\/\/pfadiwangen.ch\/wordpress\/wp-content\/uploads\/2025\/10\/PHOTO-2024-01-20-18-42-49-768x1024.jpg\" alt=\"\" class=\"wp-image-3133\" srcset=\"https:\/\/pfadiwangen.ch\/wordpress\/wp-content\/uploads\/2025\/10\/PHOTO-2024-01-20-18-42-49-768x1024.jpg 768w, https:\/\/pfadiwangen.ch\/wordpress\/wp-content\/uploads\/2025\/10\/PHOTO-2024-01-20-18-42-49-225x300.jpg 225w, https:\/\/pfadiwangen.ch\/wordpress\/wp-content\/uploads\/2025\/10\/PHOTO-2024-01-20-18-42-49-1152x1536.jpg 1152w, https:\/\/pfadiwangen.ch\/wordpress\/wp-content\/uploads\/2025\/10\/PHOTO-2024-01-20-18-42-49.jpg 1536w\" sizes=\"auto, (max-width: 768px) 100vw, 768px\" \/><\/a><\/figure>\n\n\n\n<figure class=\"wp-block-image size-large\"><a href=\"https:\/\/pfadiwangen.ch\/wordpress\/wp-content\/uploads\/2025\/10\/PHOTO-2024-05-20-18-43-19.jpg\"><img loading=\"lazy\" decoding=\"async\" width=\"768\" height=\"1024\" data-id=\"3135\" src=\"https:\/\/pfadiwangen.ch\/wordpress\/wp-content\/uploads\/2025\/10\/PHOTO-2024-05-20-18-43-19-768x1024.jpg\" alt=\"\" class=\"wp-image-3135\" srcset=\"https:\/\/pfadiwangen.ch\/wordpress\/wp-content\/uploads\/2025\/10\/PHOTO-2024-05-20-18-43-19-768x1024.jpg 768w, https:\/\/pfadiwangen.ch\/wordpress\/wp-content\/uploads\/2025\/10\/PHOTO-2024-05-20-18-43-19-225x300.jpg 225w, https:\/\/pfadiwangen.ch\/wordpress\/wp-content\/uploads\/2025\/10\/PHOTO-2024-05-20-18-43-19-1152x1536.jpg 1152w, https:\/\/pfadiwangen.ch\/wordpress\/wp-content\/uploads\/2025\/10\/PHOTO-2024-05-20-18-43-19.jpg 1536w\" sizes=\"auto, (max-width: 768px) 100vw, 768px\" \/><\/a><\/figure>\n\n\n\n<figure class=\"wp-block-image size-large\"><a href=\"https:\/\/pfadiwangen.ch\/wordpress\/wp-content\/uploads\/2025\/10\/PHOTO-2024-05-17-22-36-58.jpg\"><img loading=\"lazy\" decoding=\"async\" width=\"1024\" height=\"768\" data-id=\"3134\" src=\"https:\/\/pfadiwangen.ch\/wordpress\/wp-content\/uploads\/2025\/10\/PHOTO-2024-05-17-22-36-58-1024x768.jpg\" alt=\"\" class=\"wp-image-3134\" srcset=\"https:\/\/pfadiwangen.ch\/wordpress\/wp-content\/uploads\/2025\/10\/PHOTO-2024-05-17-22-36-58-1024x768.jpg 1024w, https:\/\/pfadiwangen.ch\/wordpress\/wp-content\/uploads\/2025\/10\/PHOTO-2024-05-17-22-36-58-300x225.jpg 300w, https:\/\/pfadiwangen.ch\/wordpress\/wp-content\/uploads\/2025\/10\/PHOTO-2024-05-17-22-36-58-768x576.jpg 768w, https:\/\/pfadiwangen.ch\/wordpress\/wp-content\/uploads\/2025\/10\/PHOTO-2024-05-17-22-36-58-1536x1152.jpg 1536w, https:\/\/pfadiwangen.ch\/wordpress\/wp-content\/uploads\/2025\/10\/PHOTO-2024-05-17-22-36-58.jpg 1600w\" sizes=\"auto, (max-width: 1024px) 100vw, 1024px\" \/><\/a><\/figure>\n\n\n\n<figure class=\"wp-block-image size-large\"><a href=\"https:\/\/pfadiwangen.ch\/wordpress\/wp-content\/uploads\/2025\/10\/PHOTO-2021-11-22-18-41-38.jpg\"><img loading=\"lazy\" decoding=\"async\" width=\"768\" height=\"1024\" data-id=\"3131\" src=\"https:\/\/pfadiwangen.ch\/wordpress\/wp-content\/uploads\/2025\/10\/PHOTO-2021-11-22-18-41-38-768x1024.jpg\" alt=\"\" class=\"wp-image-3131\" srcset=\"https:\/\/pfadiwangen.ch\/wordpress\/wp-content\/uploads\/2025\/10\/PHOTO-2021-11-22-18-41-38-768x1024.jpg 768w, https:\/\/pfadiwangen.ch\/wordpress\/wp-content\/uploads\/2025\/10\/PHOTO-2021-11-22-18-41-38-225x300.jpg 225w, https:\/\/pfadiwangen.ch\/wordpress\/wp-content\/uploads\/2025\/10\/PHOTO-2021-11-22-18-41-38-1152x1536.jpg 1152w, https:\/\/pfadiwangen.ch\/wordpress\/wp-content\/uploads\/2025\/10\/PHOTO-2021-11-22-18-41-38.jpg 1536w\" sizes=\"auto, (max-width: 768px) 100vw, 768px\" \/><\/a><\/figure>\n<\/figure>\n","protected":false},"excerpt":{"rendered":"<p>Die Pfadistufe bietet spannendes Programm f\u00fcr Kinder zwischen 11 &#8211; 14 Jahren. Wir treffen uns w\u00f6chentlich in den Schulwochen und erleben zusammen spannende Abenteuer.&nbsp; Mit viel Elan und Motivation l\u00f6sen wir knifflige R\u00e4tsel, suchen Verbrecher oder \u00fcben erste Hilfe, bauen Blachenzelte oder Seilbahnen. Zusammen mit den W\u00f6lfen gehen wir ins PfiLa\/UfLa und SoLa. Manchmal gibt&hellip;<\/p>\n","protected":false},"author":1,"featured_media":0,"parent":307,"menu_order":5,"comment_status":"closed","ping_status":"closed","template":"","meta":{"footnotes":""},"class_list":["post-24","page","type-page","status-publish","hentry","post"],"_links":{"self":[{"href":"https:\/\/pfadiwangen.ch\/wordpress\/wp-json\/wp\/v2\/pages\/24","targetHints":{"allow":["GET"]}}],"collection":[{"href":"https:\/\/pfadiwangen.ch\/wordpress\/wp-json\/wp\/v2\/pages"}],"about":[{"href":"https:\/\/pfadiwangen.ch\/wordpress\/wp-json\/wp\/v2\/types\/page"}],"author":[{"embeddable":true,"href":"https:\/\/pfadiwangen.ch\/wordpress\/wp-json\/wp\/v2\/users\/1"}],"replies":[{"embeddable":true,"href":"https:\/\/pfadiwangen.ch\/wordpress\/wp-json\/wp\/v2\/comments?post=24"}],"version-history":[{"count":13,"href":"https:\/\/pfadiwangen.ch\/wordpress\/wp-json\/wp\/v2\/pages\/24\/revisions"}],"predecessor-version":[{"id":3138,"href":"https:\/\/pfadiwangen.ch\/wordpress\/wp-json\/wp\/v2\/pages\/24\/revisions\/3138"}],"up":[{"embeddable":true,"href":"https:\/\/pfadiwangen.ch\/wordpress\/wp-json\/wp\/v2\/pages\/307"}],"wp:attachment":[{"href":"https:\/\/pfadiwangen.ch\/wordpress\/wp-json\/wp\/v2\/media?parent=24"}],"curies":[{"name":"wp","href":"https:\/\/api.w.org\/{rel}","templated":true}]}}