{"id":1037,"date":"2017-04-23T14:05:41","date_gmt":"2017-04-23T12:05:41","guid":{"rendered":"http:\/\/pfadiwangen.ch\/wordpress\/?page_id=1037"},"modified":"2026-02-27T16:05:10","modified_gmt":"2026-02-27T15:05:10","slug":"biber-stufe","status":"publish","type":"page","link":"https:\/\/pfadiwangen.ch\/wordpress\/was-ist-pfadi\/biber-stufe\/","title":{"rendered":"Biberstufe"},"content":{"rendered":"<p>Bist du zwischen 4-6 Jahre alt, gern draussen und machst gerne Spiele? Dann ist die Biberstufe der Pfadi Wangen genau das Richtige f\u00fcr dich!<a href=\"https:\/\/pfadiwangen.ch\/wordpress\/wp-content\/uploads\/2017\/04\/Biber.jpg\"><img loading=\"lazy\" decoding=\"async\" class=\"size-thumbnail wp-image-1041 alignright\" src=\"https:\/\/pfadiwangen.ch\/wordpress\/wp-content\/uploads\/2017\/04\/Biber-150x150.jpg\" alt=\"biber\" width=\"150\" height=\"150\" \/><\/a><\/p>\n<p>Alle 2 bis 3 Wochen treffen wir uns, um gemeinsame Entdeckungen mit dem Biberjungen Sori und dem Biberm\u00e4dchen Mauna zu machen. Du wirst dabei von erwachsenen Pfadileiter:innen begleitet.<\/p>\n<p>F\u00fcr genauere Infos kannst du unser Infoblatt\u00a0durchlesen oder uns direkt kontaktieren.<\/p>\n<p>Einstieg ist jederzeit m\u00f6glich. Du kannst auf dem Jahresprogramm 2026 der Biber nachschauen, wann wir wo unser n\u00e4chstes Abenteuer haben.<\/p>\n<p>Bis bald! Dein Leitungsteam<\/p>\n\n\n<figure class=\"wp-block-image size-large is-resized\"><img loading=\"lazy\" decoding=\"async\" width=\"1024\" height=\"865\" src=\"https:\/\/pfadiwangen.ch\/wordpress\/wp-content\/uploads\/2025\/10\/image2-scaled-e1759817096533-1024x865.jpg\" alt=\"\" class=\"wp-image-3112\" style=\"width:443px;height:auto\" srcset=\"https:\/\/pfadiwangen.ch\/wordpress\/wp-content\/uploads\/2025\/10\/image2-scaled-e1759817096533-1024x865.jpg 1024w, https:\/\/pfadiwangen.ch\/wordpress\/wp-content\/uploads\/2025\/10\/image2-scaled-e1759817096533-300x253.jpg 300w, https:\/\/pfadiwangen.ch\/wordpress\/wp-content\/uploads\/2025\/10\/image2-scaled-e1759817096533-768x649.jpg 768w, https:\/\/pfadiwangen.ch\/wordpress\/wp-content\/uploads\/2025\/10\/image2-scaled-e1759817096533.jpg 1480w\" sizes=\"auto, (max-width: 1024px) 100vw, 1024px\" \/><figcaption class=\"wp-element-caption\">Medusa &amp; Fly<\/figcaption><\/figure>\n\n\n\n<figure class=\"wp-block-gallery has-nested-images columns-default is-cropped wp-block-gallery-1 is-layout-flex wp-block-gallery-is-layout-flex\">\n<figure class=\"wp-block-image size-large\"><a href=\"https:\/\/pfadiwangen.ch\/wordpress\/wp-content\/uploads\/2022\/05\/WhatsApp-Image-2022-05-07-at-13.59.37-1.jpeg\"><img loading=\"lazy\" decoding=\"async\" width=\"1024\" height=\"768\" data-id=\"1792\" src=\"https:\/\/pfadiwangen.ch\/wordpress\/wp-content\/uploads\/2022\/05\/WhatsApp-Image-2022-05-07-at-13.59.37-1-1024x768.jpeg\" alt=\"\" class=\"wp-image-1792\" srcset=\"https:\/\/pfadiwangen.ch\/wordpress\/wp-content\/uploads\/2022\/05\/WhatsApp-Image-2022-05-07-at-13.59.37-1-1024x768.jpeg 1024w, https:\/\/pfadiwangen.ch\/wordpress\/wp-content\/uploads\/2022\/05\/WhatsApp-Image-2022-05-07-at-13.59.37-1-300x225.jpeg 300w, https:\/\/pfadiwangen.ch\/wordpress\/wp-content\/uploads\/2022\/05\/WhatsApp-Image-2022-05-07-at-13.59.37-1-768x576.jpeg 768w, https:\/\/pfadiwangen.ch\/wordpress\/wp-content\/uploads\/2022\/05\/WhatsApp-Image-2022-05-07-at-13.59.37-1-1536x1152.jpeg 1536w, https:\/\/pfadiwangen.ch\/wordpress\/wp-content\/uploads\/2022\/05\/WhatsApp-Image-2022-05-07-at-13.59.37-1.jpeg 2016w\" sizes=\"auto, (max-width: 1024px) 100vw, 1024px\" \/><\/a><\/figure>\n\n\n\n<figure class=\"wp-block-image size-large\"><a href=\"https:\/\/pfadiwangen.ch\/wordpress\/wp-content\/uploads\/2022\/05\/WhatsApp-Image-2022-05-07-at-14.03.38.jpeg\"><img loading=\"lazy\" decoding=\"async\" width=\"768\" height=\"1024\" data-id=\"1793\" src=\"https:\/\/pfadiwangen.ch\/wordpress\/wp-content\/uploads\/2022\/05\/WhatsApp-Image-2022-05-07-at-14.03.38-768x1024.jpeg\" alt=\"\" class=\"wp-image-1793\" srcset=\"https:\/\/pfadiwangen.ch\/wordpress\/wp-content\/uploads\/2022\/05\/WhatsApp-Image-2022-05-07-at-14.03.38-768x1024.jpeg 768w, https:\/\/pfadiwangen.ch\/wordpress\/wp-content\/uploads\/2022\/05\/WhatsApp-Image-2022-05-07-at-14.03.38-225x300.jpeg 225w, https:\/\/pfadiwangen.ch\/wordpress\/wp-content\/uploads\/2022\/05\/WhatsApp-Image-2022-05-07-at-14.03.38-1152x1536.jpeg 1152w, https:\/\/pfadiwangen.ch\/wordpress\/wp-content\/uploads\/2022\/05\/WhatsApp-Image-2022-05-07-at-14.03.38.jpeg 1512w\" sizes=\"auto, (max-width: 768px) 100vw, 768px\" \/><\/a><\/figure>\n\n\n\n<figure class=\"wp-block-image size-large\"><a href=\"https:\/\/pfadiwangen.ch\/wordpress\/wp-content\/uploads\/2022\/05\/WhatsApp-Image-2022-05-07-at-14.03.45.jpeg\"><img loading=\"lazy\" decoding=\"async\" width=\"1024\" height=\"768\" data-id=\"1794\" src=\"https:\/\/pfadiwangen.ch\/wordpress\/wp-content\/uploads\/2022\/05\/WhatsApp-Image-2022-05-07-at-14.03.45-1024x768.jpeg\" alt=\"\" class=\"wp-image-1794\" srcset=\"https:\/\/pfadiwangen.ch\/wordpress\/wp-content\/uploads\/2022\/05\/WhatsApp-Image-2022-05-07-at-14.03.45-1024x768.jpeg 1024w, https:\/\/pfadiwangen.ch\/wordpress\/wp-content\/uploads\/2022\/05\/WhatsApp-Image-2022-05-07-at-14.03.45-300x225.jpeg 300w, https:\/\/pfadiwangen.ch\/wordpress\/wp-content\/uploads\/2022\/05\/WhatsApp-Image-2022-05-07-at-14.03.45-768x576.jpeg 768w, https:\/\/pfadiwangen.ch\/wordpress\/wp-content\/uploads\/2022\/05\/WhatsApp-Image-2022-05-07-at-14.03.45-1536x1152.jpeg 1536w, https:\/\/pfadiwangen.ch\/wordpress\/wp-content\/uploads\/2022\/05\/WhatsApp-Image-2022-05-07-at-14.03.45.jpeg 2016w\" sizes=\"auto, (max-width: 1024px) 100vw, 1024px\" \/><\/a><\/figure>\n\n\n\n<figure class=\"wp-block-image size-large\"><a href=\"https:\/\/pfadiwangen.ch\/wordpress\/wp-content\/uploads\/2022\/05\/WhatsApp-Image-2022-05-07-at-14.04.41.jpeg\"><img loading=\"lazy\" decoding=\"async\" width=\"768\" height=\"1024\" data-id=\"1795\" src=\"https:\/\/pfadiwangen.ch\/wordpress\/wp-content\/uploads\/2022\/05\/WhatsApp-Image-2022-05-07-at-14.04.41-768x1024.jpeg\" alt=\"\" class=\"wp-image-1795\" srcset=\"https:\/\/pfadiwangen.ch\/wordpress\/wp-content\/uploads\/2022\/05\/WhatsApp-Image-2022-05-07-at-14.04.41-768x1024.jpeg 768w, https:\/\/pfadiwangen.ch\/wordpress\/wp-content\/uploads\/2022\/05\/WhatsApp-Image-2022-05-07-at-14.04.41-225x300.jpeg 225w, https:\/\/pfadiwangen.ch\/wordpress\/wp-content\/uploads\/2022\/05\/WhatsApp-Image-2022-05-07-at-14.04.41-1152x1536.jpeg 1152w, https:\/\/pfadiwangen.ch\/wordpress\/wp-content\/uploads\/2022\/05\/WhatsApp-Image-2022-05-07-at-14.04.41.jpeg 1512w\" sizes=\"auto, (max-width: 768px) 100vw, 768px\" \/><\/a><\/figure>\n\n\n\n<figure class=\"wp-block-image size-large\"><a href=\"https:\/\/pfadiwangen.ch\/wordpress\/wp-content\/uploads\/2022\/05\/WhatsApp-Image-2022-05-07-at-14.04.43.jpeg\"><img loading=\"lazy\" decoding=\"async\" width=\"768\" height=\"1024\" data-id=\"1799\" src=\"https:\/\/pfadiwangen.ch\/wordpress\/wp-content\/uploads\/2022\/05\/WhatsApp-Image-2022-05-07-at-14.04.43-768x1024.jpeg\" alt=\"\" class=\"wp-image-1799\" srcset=\"https:\/\/pfadiwangen.ch\/wordpress\/wp-content\/uploads\/2022\/05\/WhatsApp-Image-2022-05-07-at-14.04.43-768x1024.jpeg 768w, https:\/\/pfadiwangen.ch\/wordpress\/wp-content\/uploads\/2022\/05\/WhatsApp-Image-2022-05-07-at-14.04.43-225x300.jpeg 225w, https:\/\/pfadiwangen.ch\/wordpress\/wp-content\/uploads\/2022\/05\/WhatsApp-Image-2022-05-07-at-14.04.43-1152x1536.jpeg 1152w, https:\/\/pfadiwangen.ch\/wordpress\/wp-content\/uploads\/2022\/05\/WhatsApp-Image-2022-05-07-at-14.04.43.jpeg 1512w\" sizes=\"auto, (max-width: 768px) 100vw, 768px\" \/><\/a><\/figure>\n\n\n\n<figure class=\"wp-block-image size-large\"><a href=\"https:\/\/pfadiwangen.ch\/wordpress\/wp-content\/uploads\/2022\/05\/WhatsApp-Image-2022-05-07-at-14.04.46-1.jpeg\"><img loading=\"lazy\" decoding=\"async\" width=\"768\" height=\"1024\" data-id=\"1796\" src=\"https:\/\/pfadiwangen.ch\/wordpress\/wp-content\/uploads\/2022\/05\/WhatsApp-Image-2022-05-07-at-14.04.46-1-768x1024.jpeg\" alt=\"\" class=\"wp-image-1796\" srcset=\"https:\/\/pfadiwangen.ch\/wordpress\/wp-content\/uploads\/2022\/05\/WhatsApp-Image-2022-05-07-at-14.04.46-1-768x1024.jpeg 768w, https:\/\/pfadiwangen.ch\/wordpress\/wp-content\/uploads\/2022\/05\/WhatsApp-Image-2022-05-07-at-14.04.46-1-225x300.jpeg 225w, https:\/\/pfadiwangen.ch\/wordpress\/wp-content\/uploads\/2022\/05\/WhatsApp-Image-2022-05-07-at-14.04.46-1-1152x1536.jpeg 1152w, https:\/\/pfadiwangen.ch\/wordpress\/wp-content\/uploads\/2022\/05\/WhatsApp-Image-2022-05-07-at-14.04.46-1.jpeg 1512w\" sizes=\"auto, (max-width: 768px) 100vw, 768px\" \/><\/a><\/figure>\n\n\n\n<figure class=\"wp-block-image size-large is-style-default\"><a href=\"https:\/\/pfadiwangen.ch\/wordpress\/wp-content\/uploads\/2022\/05\/WhatsApp-Image-2022-05-07-at-14.05.15.jpeg\"><img loading=\"lazy\" decoding=\"async\" width=\"768\" height=\"1024\" data-id=\"1801\" src=\"https:\/\/pfadiwangen.ch\/wordpress\/wp-content\/uploads\/2022\/05\/WhatsApp-Image-2022-05-07-at-14.05.15-768x1024.jpeg\" alt=\"\" class=\"wp-image-1801\" srcset=\"https:\/\/pfadiwangen.ch\/wordpress\/wp-content\/uploads\/2022\/05\/WhatsApp-Image-2022-05-07-at-14.05.15-768x1024.jpeg 768w, https:\/\/pfadiwangen.ch\/wordpress\/wp-content\/uploads\/2022\/05\/WhatsApp-Image-2022-05-07-at-14.05.15-225x300.jpeg 225w, https:\/\/pfadiwangen.ch\/wordpress\/wp-content\/uploads\/2022\/05\/WhatsApp-Image-2022-05-07-at-14.05.15-1152x1536.jpeg 1152w, https:\/\/pfadiwangen.ch\/wordpress\/wp-content\/uploads\/2022\/05\/WhatsApp-Image-2022-05-07-at-14.05.15.jpeg 1512w\" sizes=\"auto, (max-width: 768px) 100vw, 768px\" \/><\/a><\/figure>\n\n\n\n<figure class=\"wp-block-image size-large\"><a href=\"https:\/\/pfadiwangen.ch\/wordpress\/wp-content\/uploads\/2022\/05\/WhatsApp-Image-2022-05-07-at-14.04.47.jpeg\"><img loading=\"lazy\" decoding=\"async\" width=\"768\" height=\"1024\" data-id=\"1798\" src=\"https:\/\/pfadiwangen.ch\/wordpress\/wp-content\/uploads\/2022\/05\/WhatsApp-Image-2022-05-07-at-14.04.47-768x1024.jpeg\" alt=\"\" class=\"wp-image-1798\" srcset=\"https:\/\/pfadiwangen.ch\/wordpress\/wp-content\/uploads\/2022\/05\/WhatsApp-Image-2022-05-07-at-14.04.47-768x1024.jpeg 768w, https:\/\/pfadiwangen.ch\/wordpress\/wp-content\/uploads\/2022\/05\/WhatsApp-Image-2022-05-07-at-14.04.47-225x300.jpeg 225w, https:\/\/pfadiwangen.ch\/wordpress\/wp-content\/uploads\/2022\/05\/WhatsApp-Image-2022-05-07-at-14.04.47-1152x1536.jpeg 1152w, https:\/\/pfadiwangen.ch\/wordpress\/wp-content\/uploads\/2022\/05\/WhatsApp-Image-2022-05-07-at-14.04.47.jpeg 1512w\" sizes=\"auto, (max-width: 768px) 100vw, 768px\" \/><\/a><\/figure>\n<\/figure>\n","protected":false},"excerpt":{"rendered":"<p>Bist du zwischen 4-6 Jahre alt, gern draussen und machst gerne Spiele? Dann ist die Biberstufe der Pfadi Wangen genau das Richtige f\u00fcr dich! Alle 2 bis 3 Wochen treffen wir uns, um gemeinsame Entdeckungen mit dem Biberjungen Sori und dem Biberm\u00e4dchen Mauna zu machen. Du wirst dabei von erwachsenen Pfadileiter:innen begleitet. F\u00fcr genauere Infos&hellip;<\/p>\n","protected":false},"author":8,"featured_media":0,"parent":307,"menu_order":3,"comment_status":"closed","ping_status":"closed","template":"","meta":{"footnotes":""},"class_list":["post-1037","page","type-page","status-publish","hentry","post"],"_links":{"self":[{"href":"https:\/\/pfadiwangen.ch\/wordpress\/wp-json\/wp\/v2\/pages\/1037","targetHints":{"allow":["GET"]}}],"collection":[{"href":"https:\/\/pfadiwangen.ch\/wordpress\/wp-json\/wp\/v2\/pages"}],"about":[{"href":"https:\/\/pfadiwangen.ch\/wordpress\/wp-json\/wp\/v2\/types\/page"}],"author":[{"embeddable":true,"href":"https:\/\/pfadiwangen.ch\/wordpress\/wp-json\/wp\/v2\/users\/8"}],"replies":[{"embeddable":true,"href":"https:\/\/pfadiwangen.ch\/wordpress\/wp-json\/wp\/v2\/comments?post=1037"}],"version-history":[{"count":28,"href":"https:\/\/pfadiwangen.ch\/wordpress\/wp-json\/wp\/v2\/pages\/1037\/revisions"}],"predecessor-version":[{"id":3150,"href":"https:\/\/pfadiwangen.ch\/wordpress\/wp-json\/wp\/v2\/pages\/1037\/revisions\/3150"}],"up":[{"embeddable":true,"href":"https:\/\/pfadiwangen.ch\/wordpress\/wp-json\/wp\/v2\/pages\/307"}],"wp:attachment":[{"href":"https:\/\/pfadiwangen.ch\/wordpress\/wp-json\/wp\/v2\/media?parent=1037"}],"curies":[{"name":"wp","href":"https:\/\/api.w.org\/{rel}","templated":true}]}}